{"id":185,"date":"2023-11-10T14:07:51","date_gmt":"2023-11-10T13:07:51","guid":{"rendered":"https:\/\/ufv-halberstadt.de\/2023\/?page_id=185"},"modified":"2023-12-15T17:05:00","modified_gmt":"2023-12-15T16:05:00","slug":"ueber-uns","status":"publish","type":"page","link":"https:\/\/ufv-halberstadt.de\/2023\/ueber-uns\/","title":{"rendered":"\u00dcber uns"},"content":{"rendered":"\n<div class=\"wp-block-uagb-container uagb-block-135b3c0b alignfull uagb-is-root-container\"><div class=\"uagb-container-inner-blocks-wrap\">\n<div class=\"wp-block-uagb-container uagb-block-ea7c959f alignfull uagb-is-root-container\"><div class=\"uagb-container-inner-blocks-wrap\">\n<h2 class=\"wp-block-heading\">Wir \u00fcber uns<\/h2>\n\n\n\n<p>Der Unabh\u00e4ngige Frauenverband Landkreis Harz e.V. (UFV) gr\u00fcndete sich 1991. Wir verstehen uns als Bestandteil einer weltweiten Frauenbewegung, die sich f\u00fcr die \u00dcberwindung unterdr\u00fcckender Herrschafts- und Denkstrukturen und eine sozial gerechte, gewaltfreie, demokratische und multikulturelle Gesellschaft einsetzt.<\/p>\n\n\n\n<p>Als Frauenzentrum sind wir ein Bildungs- und Begegnungsraum f\u00fcr M\u00e4dchen und Frauen. Insbesondere zu Themen der Frauenpolitik, Kultur und Gesundheit bieten wir regelm\u00e4\u00dfige Veranstaltungen an. <\/p>\n\n\n\n<p>Die Aktivierung der eigenen Handlungskompetenz und die St\u00e4rkung von Selbsthilfekompetenzen von Frauen und M\u00e4dchen sind dabei ein stets \u00fcbergeordnetes Ziel.<\/p>\n\n\n\n<p>Das Frauenzentrum Lilith steht als Schutz- und Begegnungsst\u00e4tte allen Frauen und M\u00e4dchen offen. Dabei bieten wir niedrigschwellige Beratung in herausfordernden Lebenssituationen an.<\/p>\n<\/div><\/div>\n\n\n\n<div class=\"wp-block-uagb-container uagb-block-c73ae5a4 alignfull uagb-is-root-container\"><div class=\"uagb-container-inner-blocks-wrap\">\n<h2 class=\"wp-block-heading\">Unser Leitbild<\/h2>\n\n\n\n<p>Als Leitbild unseres Engagement verstehen wir folgende Punkte: \u201eFrauen und M\u00e4nner sind gleichberechtigt.\u201c Diesen Artikel des Grundgesetztes wollen wir mit Leben f\u00fcllen. Gegenstrategien zur Benachteiligung und Ausgrenzung von Frauen und M\u00e4dchen sollen entwickelt werden. Hierzu geh\u00f6rt der Versuch, gesellschaftliche Benachteiligung auf die politische Agenda zu setzen, Bildung f\u00fcr Frauen und M\u00e4dchen anzubieten sowie \u00a0individuelle Hilfestellung zur Selbsthilfe zu geben.<\/p>\n\n\n\n<p>Alle Frauen werden bei uns mit Respekt und Wertsch\u00e4tzung empfangen. Das Frauenzentrum soll allen Frauen und M\u00e4dchen Raum geben, einander zu begegnen und sich \u00fcber Erfahrungen und Erlebnisse auszutauschen und ihre Interessen und Bed\u00fcrfnisse sowie Sorgen und N\u00f6ten artikulieren zu k\u00f6nnen.<\/p>\n\n\n\n<p>Das Frauenzentrum schafft die M\u00f6glichkeit f\u00fcr Frauen verschiedener Zielgruppen dem Bed\u00fcrfnis nach Bildung und Kultur, nach Unterhaltung und Aktivit\u00e4t, nach Kommunikation und geistigem Wachstum, nach Beratung und Information nachzugehen. Dabei sind wir angewiesen auf die aktive Partizipation der Frauen und M\u00e4dchen. Nur so k\u00f6nnen unsere Angebote ihren W\u00fcnschen und Bed\u00fcrfnissen entsprechen. Das Veranstaltungsprogramm wird im Rahmen der monatlichen Frauenwerkstatt zusammengestellt, bei der sich Mitfrauen, Ehrenamtliche und Interessierte treffen.<\/p>\n\n\n\n<p>Wir verstehen uns als Lobby f\u00fcr Frauen und M\u00e4dchen und tragen unsere W\u00fcnsche, Vorstellungen und Willens\u00e4u\u00dferungen nach au\u00dfen in Politik, Wirtschaft und Gesellschaft hinein.<\/p>\n\n\n\n<p>Wir sind eingebunden in die Stadt und den Landkreis Halberstadt. Hier arbeiten wir zusammen mit verschiedenen Organisationen, Vereinen, Beratungsstellen, Parteien und Institutionen des \u00f6ffentlichen Lebens und versuchen frauenpolitische bzw. frauenrelevante Themen \u00fcberall auf die Tagesordnung zu setzen.<\/p>\n\n\n\n<p>Das Frauenzentrum wird getragen von den Vereinsfrauen des Unabh\u00e4ngigen Frauenverbandes Landkreis Harz e.V. , den hauptamtlichen Mitarbeiterinnen und den Mitarbeiterinnen, die \u00fcber Ma\u00dfnahmen des Arbeitsamtes oder der KOBA eine Besch\u00e4ftigung bei uns finden.<\/p>\n\n\n\n<p>Durch die unterschiedlichen F\u00e4higkeiten und Erfahrungen der Vereinsfrauen und Mitarbeiterinnen steht uns ein gro\u00dfes Potential an Wissen und Kompetenz zur Verf\u00fcgung. Umgesetzt und organisiert werden die Veranstaltungen von den Mitarbeiterinnen des Frauenkommunikationszentrums, Vereinsfrauen und je nach Veranstaltung Ehrenamtlichen oder Honorarkr\u00e4ften.<\/p>\n\n\n\n<p>Wir haben einen hohen Qualit\u00e4tsanspruch an unsere Arbeit. Gemeinsam mit anderen Frauenzentren im Land und dem Ministerium f\u00fcr Gesundheit und Soziales des Landes Sachsen-Anhalt haben wir Qualit\u00e4tskriterien f\u00fcr unsere Arbeit entwickelt. Durch die Vernetzung mit den anderen Frauenzentren und aktive Mitarbeit in Fachgremien setzen wir uns effektiv mit sich ver\u00e4ndernden fachlichen Anforderungen und gesellschaftlichen Bedingungen auseinander. Unsere festangestellten Mitarbeiterinnen haben einen p\u00e4dagogischen Abschluss und bilden sich zu aktuellen Entwicklungen fort.<\/p>\n<\/div><\/div>\n<\/div><\/div>\n","protected":false},"excerpt":{"rendered":"<p>Wir \u00fcber uns Der Unabh\u00e4ngige Frauenverband Landkreis Harz e.V. (UFV) gr\u00fcndete sich 1991. Wir verstehen uns als Bestandteil einer weltweiten Frauenbewegung, die sich f\u00fcr die \u00dcberwindung unterdr\u00fcckender Herrschafts- und Denkstrukturen [&hellip;]<\/p>\n","protected":false},"author":1,"featured_media":0,"parent":0,"menu_order":0,"comment_status":"closed","ping_status":"closed","template":"","meta":{"_uag_custom_page_level_css":"","site-sidebar-layout":"default","site-content-layout":"","ast-site-content-layout":"default","site-content-style":"default","site-sidebar-style":"default","ast-global-header-display":"","ast-banner-title-visibility":"","ast-main-header-display":"","ast-hfb-above-header-display":"","ast-hfb-below-header-display":"","ast-hfb-mobile-header-display":"","site-post-title":"disabled","ast-breadcrumbs-content":"","ast-featured-img":"","footer-sml-layout":"","ast-disable-related-posts":"","theme-transparent-header-meta":"","adv-header-id-meta":"","stick-header-meta":"","header-above-stick-meta":"","header-main-stick-meta":"","header-below-stick-meta":"","astra-migrate-meta-layouts":"","ast-page-background-enabled":"default","ast-page-background-meta":{"desktop":{"background-color":"var(--ast-global-color-4)","background-image":"","background-repeat":"repeat","background-position":"center center","background-size":"auto","background-attachment":"scroll","background-type":"","background-media":"","overlay-type":"","overlay-color":"","overlay-opacity":"","overlay-gradient":""},"tablet":{"background-color":"","background-image":"","background-repeat":"repeat","background-position":"center center","background-size":"auto","background-attachment":"scroll","background-type":"","background-media":"","overlay-type":"","overlay-color":"","overlay-opacity":"","overlay-gradient":""},"mobile":{"background-color":"","background-image":"","background-repeat":"repeat","background-position":"center center","background-size":"auto","background-attachment":"scroll","background-type":"","background-media":"","overlay-type":"","overlay-color":"","overlay-opacity":"","overlay-gradient":""}},"ast-content-background-meta":{"desktop":{"background-color":"var(--ast-global-color-5)","background-image":"","background-repeat":"repeat","background-position":"center center","background-size":"auto","background-attachment":"scroll","background-type":"","background-media":"","overlay-type":"","overlay-color":"","overlay-opacity":"","overlay-gradient":""},"tablet":{"background-color":"var(--ast-global-color-5)","background-image":"","background-repeat":"repeat","background-position":"center center","background-size":"auto","background-attachment":"scroll","background-type":"","background-media":"","overlay-type":"","overlay-color":"","overlay-opacity":"","overlay-gradient":""},"mobile":{"background-color":"var(--ast-global-color-5)","background-image":"","background-repeat":"repeat","background-position":"center center","background-size":"auto","background-attachment":"scroll","background-type":"","background-media":"","overlay-type":"","overlay-color":"","overlay-opacity":"","overlay-gradient":""}},"_themeisle_gutenberg_block_has_review":false,"footnotes":""},"class_list":["post-185","page","type-page","status-publish","hentry"],"uagb_featured_image_src":{"full":false,"thumbnail":false,"medium":false,"medium_large":false,"large":false,"1536x1536":false,"2048x2048":false},"uagb_author_info":{"display_name":"mcicom23","author_link":"https:\/\/ufv-halberstadt.de\/2023\/author\/mcicom23\/"},"uagb_comment_info":0,"uagb_excerpt":"Wir \u00fcber uns Der Unabh\u00e4ngige Frauenverband Landkreis Harz e.V. (UFV) gr\u00fcndete sich 1991. Wir verstehen uns als Bestandteil einer weltweiten Frauenbewegung, die sich f\u00fcr die \u00dcberwindung unterdr\u00fcckender Herrschafts- und Denkstrukturen [&hellip;]","_links":{"self":[{"href":"https:\/\/ufv-halberstadt.de\/2023\/wp-json\/wp\/v2\/pages\/185","targetHints":{"allow":["GET"]}}],"collection":[{"href":"https:\/\/ufv-halberstadt.de\/2023\/wp-json\/wp\/v2\/pages"}],"about":[{"href":"https:\/\/ufv-halberstadt.de\/2023\/wp-json\/wp\/v2\/types\/page"}],"author":[{"embeddable":true,"href":"https:\/\/ufv-halberstadt.de\/2023\/wp-json\/wp\/v2\/users\/1"}],"replies":[{"embeddable":true,"href":"https:\/\/ufv-halberstadt.de\/2023\/wp-json\/wp\/v2\/comments?post=185"}],"version-history":[{"count":10,"href":"https:\/\/ufv-halberstadt.de\/2023\/wp-json\/wp\/v2\/pages\/185\/revisions"}],"predecessor-version":[{"id":1083,"href":"https:\/\/ufv-halberstadt.de\/2023\/wp-json\/wp\/v2\/pages\/185\/revisions\/1083"}],"wp:attachment":[{"href":"https:\/\/ufv-halberstadt.de\/2023\/wp-json\/wp\/v2\/media?parent=185"}],"curies":[{"name":"wp","href":"https:\/\/api.w.org\/{rel}","templated":true}]}}