{"id":456,"date":"2023-11-14T18:27:10","date_gmt":"2023-11-14T17:27:10","guid":{"rendered":"https:\/\/ufv-halberstadt.de\/2023\/?page_id=456"},"modified":"2024-02-22T12:54:09","modified_gmt":"2024-02-22T11:54:09","slug":"impressum","status":"publish","type":"page","link":"https:\/\/ufv-halberstadt.de\/2023\/impressum\/","title":{"rendered":"Impressum"},"content":{"rendered":"\n<div class=\"wp-block-uagb-container uagb-block-4f4d07bd alignfull uagb-is-root-container\"><div class=\"uagb-container-inner-blocks-wrap\">\n<h2 class=\"wp-block-heading\">Impressum<\/h2>\n\n\n\n<h3 class=\"wp-block-heading\">Verantwortlich f\u00fcr den Inhalt<\/h3>\n\n\n\n<p>Unabh\u00e4ngiger Frauenverband Landkreis Harz e.V.<br>Gr\u00f6perstra\u00dfe 56<br>38820 Halberstadt<\/p>\n\n\n\n<p>Vereinsregister: VR 37289<br>Registergericht: Amtsgericht Stendal<\/p>\n\n\n\n<p><strong>Ansprechpartnerin<\/strong><br>Hildegard Loose (Gesch\u00e4ftsf\u00fchrerin)<\/p>\n\n\n\n<p><strong>Inhaltlich Verantwortliche gem\u00e4\u00df \u00a7 6 MDStV<\/strong><br>Eva R\u00f6mling-Wasserthal (Anschrift wie oben)<\/p>\n\n\n\n<h3 class=\"wp-block-heading\">Kontakt<\/h3>\n\n\n\n<p>Telefon: 03941 601192<br>E-Mail: lilith@ufv-halberstadt.de<\/p>\n\n\n\n<h3 class=\"wp-block-heading\">Verbraucherstreitbeilegung\/Universalschlichtungsstelle<\/h3>\n\n\n\n<p>Wir sind nicht bereit oder verpflichtet, an Streitbeilegungsverfahren vor einer<br>Verbraucherschlichtungsstelle teilzunehmen.<\/p>\n<\/div><\/div>\n","protected":false},"excerpt":{"rendered":"<p>Impressum Verantwortlich f\u00fcr den Inhalt Unabh\u00e4ngiger Frauenverband Landkreis Harz e.V.Gr\u00f6perstra\u00dfe 5638820 Halberstadt Vereinsregister: VR 37289Registergericht: Amtsgericht Stendal AnsprechpartnerinHildegard Loose (Gesch\u00e4ftsf\u00fchrerin) Inhaltlich Verantwortliche gem\u00e4\u00df \u00a7 6 MDStVEva R\u00f6mling-Wasserthal (Anschrift wie oben) [&hellip;]<\/p>\n","protected":false},"author":1,"featured_media":0,"parent":0,"menu_order":0,"comment_status":"closed","ping_status":"closed","template":"","meta":{"_uag_custom_page_level_css":"","site-sidebar-layout":"default","site-content-layout":"","ast-site-content-layout":"default","site-content-style":"default","site-sidebar-style":"default","ast-global-header-display":"","ast-banner-title-visibility":"","ast-main-header-display":"","ast-hfb-above-header-display":"","ast-hfb-below-header-display":"","ast-hfb-mobile-header-display":"","site-post-title":"disabled","ast-breadcrumbs-content":"","ast-featured-img":"","footer-sml-layout":"","ast-disable-related-posts":"","theme-transparent-header-meta":"","adv-header-id-meta":"","stick-header-meta":"","header-above-stick-meta":"","header-main-stick-meta":"","header-below-stick-meta":"","astra-migrate-meta-layouts":"default","ast-page-background-enabled":"default","ast-page-background-meta":{"desktop":{"background-color":"var(--ast-global-color-4)","background-image":"","background-repeat":"repeat","background-position":"center center","background-size":"auto","background-attachment":"scroll","background-type":"","background-media":"","overlay-type":"","overlay-color":"","overlay-opacity":"","overlay-gradient":""},"tablet":{"background-color":"","background-image":"","background-repeat":"repeat","background-position":"center center","background-size":"auto","background-attachment":"scroll","background-type":"","background-media":"","overlay-type":"","overlay-color":"","overlay-opacity":"","overlay-gradient":""},"mobile":{"background-color":"","background-image":"","background-repeat":"repeat","background-position":"center center","background-size":"auto","background-attachment":"scroll","background-type":"","background-media":"","overlay-type":"","overlay-color":"","overlay-opacity":"","overlay-gradient":""}},"ast-content-background-meta":{"desktop":{"background-color":"var(--ast-global-color-5)","background-image":"","background-repeat":"repeat","background-position":"center center","background-size":"auto","background-attachment":"scroll","background-type":"","background-media":"","overlay-type":"","overlay-color":"","overlay-opacity":"","overlay-gradient":""},"tablet":{"background-color":"var(--ast-global-color-5)","background-image":"","background-repeat":"repeat","background-position":"center center","background-size":"auto","background-attachment":"scroll","background-type":"","background-media":"","overlay-type":"","overlay-color":"","overlay-opacity":"","overlay-gradient":""},"mobile":{"background-color":"var(--ast-global-color-5)","background-image":"","background-repeat":"repeat","background-position":"center center","background-size":"auto","background-attachment":"scroll","background-type":"","background-media":"","overlay-type":"","overlay-color":"","overlay-opacity":"","overlay-gradient":""}},"_themeisle_gutenberg_block_has_review":false,"footnotes":""},"class_list":["post-456","page","type-page","status-publish","hentry"],"uagb_featured_image_src":{"full":false,"thumbnail":false,"medium":false,"medium_large":false,"large":false,"1536x1536":false,"2048x2048":false},"uagb_author_info":{"display_name":"mcicom23","author_link":"https:\/\/ufv-halberstadt.de\/2023\/author\/mcicom23\/"},"uagb_comment_info":0,"uagb_excerpt":"Impressum Verantwortlich f\u00fcr den Inhalt Unabh\u00e4ngiger Frauenverband Landkreis Harz e.V.Gr\u00f6perstra\u00dfe 5638820 Halberstadt Vereinsregister: VR 37289Registergericht: Amtsgericht Stendal AnsprechpartnerinHildegard Loose (Gesch\u00e4ftsf\u00fchrerin) Inhaltlich Verantwortliche gem\u00e4\u00df \u00a7 6 MDStVEva R\u00f6mling-Wasserthal (Anschrift wie oben) [&hellip;]","_links":{"self":[{"href":"https:\/\/ufv-halberstadt.de\/2023\/wp-json\/wp\/v2\/pages\/456","targetHints":{"allow":["GET"]}}],"collection":[{"href":"https:\/\/ufv-halberstadt.de\/2023\/wp-json\/wp\/v2\/pages"}],"about":[{"href":"https:\/\/ufv-halberstadt.de\/2023\/wp-json\/wp\/v2\/types\/page"}],"author":[{"embeddable":true,"href":"https:\/\/ufv-halberstadt.de\/2023\/wp-json\/wp\/v2\/users\/1"}],"replies":[{"embeddable":true,"href":"https:\/\/ufv-halberstadt.de\/2023\/wp-json\/wp\/v2\/comments?post=456"}],"version-history":[{"count":6,"href":"https:\/\/ufv-halberstadt.de\/2023\/wp-json\/wp\/v2\/pages\/456\/revisions"}],"predecessor-version":[{"id":1293,"href":"https:\/\/ufv-halberstadt.de\/2023\/wp-json\/wp\/v2\/pages\/456\/revisions\/1293"}],"wp:attachment":[{"href":"https:\/\/ufv-halberstadt.de\/2023\/wp-json\/wp\/v2\/media?parent=456"}],"curies":[{"name":"wp","href":"https:\/\/api.w.org\/{rel}","templated":true}]}}