{"id":522,"date":"2023-11-14T19:30:52","date_gmt":"2023-11-14T18:30:52","guid":{"rendered":"https:\/\/ufv-halberstadt.de\/2023\/?page_id=522"},"modified":"2023-11-20T14:28:50","modified_gmt":"2023-11-20T13:28:50","slug":"spenden","status":"publish","type":"page","link":"https:\/\/ufv-halberstadt.de\/2023\/spenden\/","title":{"rendered":"Spenden"},"content":{"rendered":"\n<div class=\"wp-block-uagb-container uagb-block-e773595e alignfull uagb-is-root-container\"><div class=\"uagb-container-inner-blocks-wrap\">\n<div class=\"wp-block-uagb-advanced-heading uagb-block-2315c8b1\"><h2 class=\"uagb-heading-text\">Ihre Spende hilft<\/h2><p class=\"uagb-desc-text\">M\u00f6chten Sie uns unterst\u00fctzen?<\/p><\/div>\n\n\n\n<figure class=\"wp-block-table\"><table><thead><tr><td colspan=\"2\"><strong>UNSER KONTO F\u00dcR IHRE SPENDEN<\/strong><\/td><\/tr><\/thead><tbody><tr><td colspan=\"2\">Unabh\u00e4ngiger Frauenverband Landkreis Harz e.V.<\/td><\/tr><tr><td>Bankverbindung:<\/td><td><strong>Harzsparkasse<\/strong><\/td><\/tr><tr><td>IBAN:<\/td><td><strong>DE10 8105 2000 0901 0736 44<\/strong><\/td><\/tr><tr><td>BIC:<\/td><td><strong>NOLADE21HRZ<\/strong><\/td><\/tr><\/tbody><\/table><\/figure>\n<\/div><\/div>\n","protected":false},"excerpt":{"rendered":"<p>Ihre Spende hilft M\u00f6chten Sie uns unterst\u00fctzen? UNSER KONTO F\u00dcR IHRE SPENDEN Unabh\u00e4ngiger Frauenverband Landkreis Harz e.V. Bankverbindung: Harzsparkasse IBAN: DE10 8105 2000 0901 0736 44 BIC: NOLADE21HRZ<\/p>\n","protected":false},"author":1,"featured_media":0,"parent":0,"menu_order":0,"comment_status":"closed","ping_status":"closed","template":"","meta":{"_uag_custom_page_level_css":"","site-sidebar-layout":"default","site-content-layout":"","ast-site-content-layout":"default","site-content-style":"default","site-sidebar-style":"default","ast-global-header-display":"","ast-banner-title-visibility":"","ast-main-header-display":"","ast-hfb-above-header-display":"","ast-hfb-below-header-display":"","ast-hfb-mobile-header-display":"","site-post-title":"disabled","ast-breadcrumbs-content":"","ast-featured-img":"","footer-sml-layout":"","ast-disable-related-posts":"","theme-transparent-header-meta":"","adv-header-id-meta":"","stick-header-meta":"","header-above-stick-meta":"","header-main-stick-meta":"","header-below-stick-meta":"","astra-migrate-meta-layouts":"","ast-page-background-enabled":"default","ast-page-background-meta":{"desktop":{"background-color":"var(--ast-global-color-4)","background-image":"","background-repeat":"repeat","background-position":"center center","background-size":"auto","background-attachment":"scroll","background-type":"","background-media":"","overlay-type":"","overlay-color":"","overlay-opacity":"","overlay-gradient":""},"tablet":{"background-color":"","background-image":"","background-repeat":"repeat","background-position":"center center","background-size":"auto","background-attachment":"scroll","background-type":"","background-media":"","overlay-type":"","overlay-color":"","overlay-opacity":"","overlay-gradient":""},"mobile":{"background-color":"","background-image":"","background-repeat":"repeat","background-position":"center center","background-size":"auto","background-attachment":"scroll","background-type":"","background-media":"","overlay-type":"","overlay-color":"","overlay-opacity":"","overlay-gradient":""}},"ast-content-background-meta":{"desktop":{"background-color":"var(--ast-global-color-5)","background-image":"","background-repeat":"repeat","background-position":"center center","background-size":"auto","background-attachment":"scroll","background-type":"","background-media":"","overlay-type":"","overlay-color":"","overlay-opacity":"","overlay-gradient":""},"tablet":{"background-color":"var(--ast-global-color-5)","background-image":"","background-repeat":"repeat","background-position":"center center","background-size":"auto","background-attachment":"scroll","background-type":"","background-media":"","overlay-type":"","overlay-color":"","overlay-opacity":"","overlay-gradient":""},"mobile":{"background-color":"var(--ast-global-color-5)","background-image":"","background-repeat":"repeat","background-position":"center center","background-size":"auto","background-attachment":"scroll","background-type":"","background-media":"","overlay-type":"","overlay-color":"","overlay-opacity":"","overlay-gradient":""}},"_themeisle_gutenberg_block_has_review":false,"footnotes":""},"class_list":["post-522","page","type-page","status-publish","hentry"],"uagb_featured_image_src":{"full":false,"thumbnail":false,"medium":false,"medium_large":false,"large":false,"1536x1536":false,"2048x2048":false},"uagb_author_info":{"display_name":"mcicom23","author_link":"https:\/\/ufv-halberstadt.de\/2023\/author\/mcicom23\/"},"uagb_comment_info":0,"uagb_excerpt":"Ihre Spende hilft M\u00f6chten Sie uns unterst\u00fctzen? UNSER KONTO F\u00dcR IHRE SPENDEN Unabh\u00e4ngiger Frauenverband Landkreis Harz e.V. Bankverbindung: Harzsparkasse IBAN: DE10 8105 2000 0901 0736 44 BIC: NOLADE21HRZ","_links":{"self":[{"href":"https:\/\/ufv-halberstadt.de\/2023\/wp-json\/wp\/v2\/pages\/522","targetHints":{"allow":["GET"]}}],"collection":[{"href":"https:\/\/ufv-halberstadt.de\/2023\/wp-json\/wp\/v2\/pages"}],"about":[{"href":"https:\/\/ufv-halberstadt.de\/2023\/wp-json\/wp\/v2\/types\/page"}],"author":[{"embeddable":true,"href":"https:\/\/ufv-halberstadt.de\/2023\/wp-json\/wp\/v2\/users\/1"}],"replies":[{"embeddable":true,"href":"https:\/\/ufv-halberstadt.de\/2023\/wp-json\/wp\/v2\/comments?post=522"}],"version-history":[{"count":5,"href":"https:\/\/ufv-halberstadt.de\/2023\/wp-json\/wp\/v2\/pages\/522\/revisions"}],"predecessor-version":[{"id":789,"href":"https:\/\/ufv-halberstadt.de\/2023\/wp-json\/wp\/v2\/pages\/522\/revisions\/789"}],"wp:attachment":[{"href":"https:\/\/ufv-halberstadt.de\/2023\/wp-json\/wp\/v2\/media?parent=522"}],"curies":[{"name":"wp","href":"https:\/\/api.w.org\/{rel}","templated":true}]}}