{"id":801,"date":"2023-11-20T14:46:01","date_gmt":"2023-11-20T13:46:01","guid":{"rendered":"https:\/\/ufv-halberstadt.de\/2023\/?page_id=801"},"modified":"2025-09-24T12:08:22","modified_gmt":"2025-09-24T10:08:22","slug":"leichte-sprache","status":"publish","type":"page","link":"https:\/\/ufv-halberstadt.de\/2023\/leichte-sprache\/","title":{"rendered":"Leichte Sprache"},"content":{"rendered":"\n<div class=\"wp-block-uagb-container uagb-block-918c7ea4 alignfull uagb-is-root-container\"><div class=\"uagb-container-inner-blocks-wrap\">\n<h2 class=\"wp-block-heading\">Frauenzentrum<\/h2>\n\n\n\n<p>Alle Frauen und M\u00e4dchen sollen unabh\u00e4ngig und<br>gewaltfrei leben k\u00f6nnen.<br>Daf\u00fcr k\u00e4mpfen wir.<br><strong>Treff\u2219punkt und Schutz\u2219raum<br>Das Frauen\u2219zentrum Lilith<\/strong><br>Im Frauen\u2219zentrum treffen sich M\u00e4dchen und Frauen.<br>Wir sprechen \u00fcber Frauen\u2219politik, Kultur und Gesundheit.<br>Das Frauen\u2219zentrum ist ein Schutz\u2219raum.<\/p>\n\n\n\n<h3 class=\"wp-block-heading\">Treffen und Bildung<\/h3>\n\n\n\n<p>Wir sind offen f\u00fcr alle M\u00e4dchen und Frauen.<\/p>\n\n\n\n<h3 class=\"wp-block-heading\">Veranstaltungen und Angebote<\/h3>\n\n\n\n<ul class=\"wp-block-list\">\n<li>Jeden Monat Veranstaltungen<\/li>\n\n\n\n<li>Bibliothek<\/li>\n\n\n\n<li>Sport und Bewegung<\/li>\n\n\n\n<li>Frauentreff<\/li>\n\n\n\n<li>Projekte<\/li>\n<\/ul>\n\n\n\n<div style=\"height:25px\" aria-hidden=\"true\" class=\"wp-block-spacer\"><\/div>\n\n\n\n<h2 class=\"wp-block-heading\">Notfall<br><\/h2>\n\n\n\n<p><strong>Erlebst Du Gewalt?<\/strong><br>Dann rufe die Polizei an:<br><strong>Telefon: 110<\/strong><\/p>\n\n\n\n<p><strong>Brauchst Du Hilfe am Telefon?<\/strong><br>Dann rufe an:<br><strong>Telefon: 11 60 16<\/strong><br>Das ist das Hilfetelefon bei Gewalt gegen Frauen.<\/p>\n\n\n\n<h2 class=\"wp-block-heading\">Beratung<\/h2>\n\n\n\n<p class=\"mb0\">Wir helfen Dir,<\/p>\n\n\n\n<ul class=\"wp-block-list\">\n<li>wenn Du in Not bist.<\/li>\n\n\n\n<li>wenn Du Infos brauchst.<\/li>\n\n\n\n<li>wenn Du Probleme hast.<\/li>\n<\/ul>\n\n\n\n<p class=\"mb0\">Mache einen Termin mit:<\/p>\n\n\n\n<div class=\"wp-block-uagb-icon-list uagb-block-290505b0\"><div class=\"uagb-icon-list__wrap\">\n<div class=\"wp-block-uagb-icon-list-child uagb-block-306f3c53\"><span class=\"uagb-icon-list__source-wrap\"><svg xmlns=\"https:\/\/www.w3.org\/2000\/svg\" viewBox=\"0 0 448 512\"><path d=\"M224 256c70.7 0 128-57.31 128-128s-57.3-128-128-128C153.3 0 96 57.31 96 128S153.3 256 224 256zM274.7 304H173.3C77.61 304 0 381.6 0 477.3c0 19.14 15.52 34.67 34.66 34.67h378.7C432.5 512 448 496.5 448 477.3C448 381.6 370.4 304 274.7 304z\"><\/path><\/svg><\/span><span class=\"uagb-icon-list__label\">Eva R\u00f6mling-Wasser\u2219thal.<br>Ich bin Mitarbeiterin im Frauenzentrum.<\/span><\/div>\n\n\n\n<div class=\"wp-block-uagb-icon-list-child uagb-block-524ac729\"><span class=\"uagb-icon-list__source-wrap\"><svg xmlns=\"https:\/\/www.w3.org\/2000\/svg\" viewBox=\"0 0 512 512\"><path d=\"M511.2 387l-23.25 100.8c-3.266 14.25-15.79 24.22-30.46 24.22C205.2 512 0 306.8 0 54.5c0-14.66 9.969-27.2 24.22-30.45l100.8-23.25C139.7-2.602 154.7 5.018 160.8 18.92l46.52 108.5c5.438 12.78 1.77 27.67-8.98 36.45L144.5 207.1c33.98 69.22 90.26 125.5 159.5 159.5l44.08-53.8c8.688-10.78 23.69-14.51 36.47-8.975l108.5 46.51C506.1 357.2 514.6 372.4 511.2 387z\"><\/path><\/svg><\/span><span class=\"uagb-icon-list__label\">Telefon: 03941 601192<\/span><\/div>\n\n\n\n<div class=\"wp-block-uagb-icon-list-child uagb-block-a4063dc1\"><span class=\"uagb-icon-list__source-wrap\"><svg xmlns=\"https:\/\/www.w3.org\/2000\/svg\" viewBox=\"0 0 512 512\"><path d=\"M464 64C490.5 64 512 85.49 512 112C512 127.1 504.9 141.3 492.8 150.4L275.2 313.6C263.8 322.1 248.2 322.1 236.8 313.6L19.2 150.4C7.113 141.3 0 127.1 0 112C0 85.49 21.49 64 48 64H464zM217.6 339.2C240.4 356.3 271.6 356.3 294.4 339.2L512 176V384C512 419.3 483.3 448 448 448H64C28.65 448 0 419.3 0 384V176L217.6 339.2z\"><\/path><\/svg><\/span><span class=\"uagb-icon-list__label\">lilith@ufv-halberstadt.de<\/span><\/div>\n<\/div><\/div>\n\n\n\n<p>Die Beratung ist kostenlos und vertraulich.<br>Du musst Deinen Namen <strong>nicht <\/strong>sagen,<br>wenn Du es <strong>nicht <\/strong>m\u00f6chtest.<\/p>\n\n\n\n<h2 class=\"wp-block-heading\">Angebote<\/h2>\n\n\n\n<h3 class=\"wp-block-heading\">Computer\u2219arbeitsplatz<\/h3>\n\n\n\n<p class=\"mb0\">Jede kann den Computer nutzen:<\/p>\n\n\n\n<ul class=\"wp-block-list\">\n<li>E-Mails anschauen<\/li>\n\n\n\n<li>im Internet nach Informationen suchen<\/li>\n\n\n\n<li>Formulare ausf\u00fcllen<\/li>\n<\/ul>\n\n\n\n<p class=\"mb0\">Wir helfen bei Briefen an \u00c4mter. Zum Beispiel bei<\/p>\n\n\n\n<ul class=\"wp-block-list\">\n<li>Formularen<\/li>\n\n\n\n<li>Antr\u00e4gen<\/li>\n\n\n\n<li>Bewerbungen<\/li>\n<\/ul>\n\n\n\n<div style=\"height:25px\" aria-hidden=\"true\" class=\"wp-block-spacer\"><\/div>\n\n\n\n<h3 class=\"wp-block-heading\">Bibliothek<\/h3>\n\n\n\n<p>Wir haben eine Bibliothek<br>auch mit B\u00fcchern in Leichter Sprache.<br>Sie k\u00f6nnen sich B\u00fccher ausleihen oder<br>im Frauen\u2219zentrum lesen.<br><\/p>\n\n\n\n<h3 class=\"wp-block-heading\">Angebote in jeder Woche<\/h3>\n\n\n\n<p><strong>Hexen\u2219k\u00fcchen\u2219treff<\/strong><br>Ansprechpartnerinnen: Ellen Fauser und Steffi Goldberg<br>kostenfrei, gef\u00f6rdert durch die Kranken\u2219kassen<br><br><strong>Schwing die H\u00fcften\u2026<\/strong><br>Ansprechpartnerinnen: Steffi Goldberg, Tatjana Deifel<br>kostenfrei, gef\u00f6rdert durch die Kranken\u2219kassen<br><br><strong>Orientalischer Tanz<\/strong><br>Ansprechpartnerin: Steffi F. Goldberg<br>geschlossene Gruppe<br><br><strong>Frauentreff Nadeshda<\/strong><br>Ansprechpartnerin: Tatjana Deifel<br>Nadeshda ist russisch und bedeutet: Hoffnung.<br><br><strong>geschichts-kultur-werkstatt<\/strong><br>Ansprechpartnerin: Ellen Fauser<\/p>\n\n\n\n<h3 class=\"wp-block-heading\">Veranstaltungen<\/h3>\n\n\n\n<p>Wir machen regelm\u00e4\u00dfig Veranstaltungen.<br>Zu den Veranstaltungen kann jeder kommen.<br>Auch M\u00e4nner.<\/p>\n\n\n\n<div class=\"wp-block-buttons is-layout-flex wp-block-buttons-is-layout-flex\">\n<div class=\"wp-block-button\"><a class=\"wp-block-button__link wp-element-button\" href=\"https:\/\/ufv-halberstadt.de\/2023\/events\/\">Veranstaltungs-Seite<\/a><\/div>\n<\/div>\n\n\n\n<div style=\"height:25px\" aria-hidden=\"true\" class=\"wp-block-spacer\"><\/div>\n\n\n\n<h2 class=\"wp-block-heading\">\u00dcber uns<\/h2>\n\n\n\n<p>Wir sind der <strong>U<\/strong>nabh\u00e4ngige <strong>F<\/strong>rauen\u2219<strong>V<\/strong>erband.<br>abgek\u00fcrzt: UFV<br>Wir sind der UFV im Landkreis Harz seit 1991.<br>Wir sind ein Verein.<br>Wir geh\u00f6ren zu einer weltweiten Frauen\u2219bewegung.<br>Wir k\u00e4mpfen f\u00fcr eine gerechte,<br>gewaltfreie und demokratische Gesellschaft.<\/p>\n\n\n\n<p>Der UFV hat das Frauen\u2219zentrum Lilith<br>in Halberstadt gegr\u00fcndet.<\/p>\n\n\n\n<p>Das Frauen\u2219zentrum Lilith wird gef\u00f6rdert.<\/p>\n\n\n\n<h3 class=\"wp-block-heading\">Unsere Ziele<\/h3>\n\n\n\n<p>Wir wollen M\u00e4dchen und Frauen Mut machen.<br>Jedes M\u00e4dchen und jede Frau ist stark.<br>Das soll jede sp\u00fcren.<br>Wir helfen, wenn Hilfe gebraucht wird.<\/p>\n\n\n\n<p>Manchmal ist das Leben schwer.<br>Zum Beispiel, wenn Frauen unter Gewalt leiden.<br>Das Frauen\u2219zentrum bietet allen Frauen und M\u00e4dchen<br>Schutz und Beratung.<\/p>\n\n\n\n<p>Wir sind offen f\u00fcr alle M\u00e4dchen und Frauen.<br>Wir machen regelm\u00e4\u00dfig Veranstaltungen.<\/p>\n\n\n\n<h3 class=\"wp-block-heading\">Wer ist im Verein?<\/h3>\n\n\n\n<p>Frauen und M\u00e4dchen<br>2 feste Mitarbeiterinnen<br>Frauen, die \u00fcber das Arbeitsamt und<br>\u00fcber die KOBA bei uns arbeiten<\/p>\n\n\n\n<h3 class=\"wp-block-heading\">Was wollen wir?<\/h3>\n\n\n\n<p>Unser Leitbild<br>Im Grundgesetz der Bundesrepublik steht:<br>Frauen und M\u00e4nner sind gleichberechtigt.<br>Dieses Gesetz ist wichtig f\u00fcr uns.<\/p>\n\n\n\n<p>Wir wollen, dass Frauen gleichberechtigt sind.<br>Zum Beispiel:<br>Frauen sollen den gleichen Lohn<br>bekommen wie M\u00e4nner.<\/p>\n\n\n\n<p>Wir wollen, dass Politiker uns zuh\u00f6ren.<br>Wir sagen den Politikern unsere W\u00fcnsche und<br>unsere Forderungen.<\/p>\n\n\n\n<h3 class=\"wp-block-heading\">Wer kann zu uns kommen?<\/h3>\n\n\n\n<p class=\"mb0\">Alle Frauen und M\u00e4dchen k\u00f6nnen<br>sich im Frauenzentrum treffen.<br>Respekt ist uns wichtig.<\/p>\n\n\n\n<ul class=\"wp-block-list\">\n<li>Sie lernen andere Frauen und M\u00e4dchen kennen<\/li>\n\n\n\n<li>Wir sprechen \u00fcber Ihre Erfahrungen und W\u00fcnsche.<\/li>\n\n\n\n<li>Sie k\u00f6nnen \u00fcber Ihre Sorgen sprechen.<\/li>\n<\/ul>\n\n\n\n<p>Wir freuen uns \u00fcber Ihre Mitarbeit.<br>Sagen Sie uns Ihre W\u00fcnsche.<br>Dann werden wir noch besser.<\/p>\n\n\n\n<p class=\"mb0\">Wir arbeiten zusammen mit:<\/p>\n\n\n\n<ul class=\"wp-block-list\">\n<li>dem Landkreis Harz<\/li>\n\n\n\n<li>Vereinen<\/li>\n\n\n\n<li>Beratungs\u2219stellen<\/li>\n\n\n\n<li>Parteien und<\/li>\n\n\n\n<li>\u00c4mtern<\/li>\n<\/ul>\n\n\n\n<p class=\"mb0\">Eine gute Arbeit ist uns sehr wichtig.<br>Wir haben dazu Kriterien erarbeitet:<\/p>\n\n\n\n<ul class=\"wp-block-list\">\n<li>Zusammen mit anderen Frauen\u2219zentren und<\/li>\n\n\n\n<li>dem Ministerium f\u00fcr Gesundheit und Soziales<br>in Sachsen-Anhalt<\/li>\n<\/ul>\n\n\n\n<p>Unsere Mitarbeiterinnen sind P\u00e4dagoginnen.<br>Sie gehen regelm\u00e4\u00dfig zu Fortbildungen.<\/p>\n\n\n\n<h2 class=\"wp-block-heading\">\u00d6ffnungszeiten und Kontakt<\/h2>\n\n\n\n<div class=\"wp-block-uagb-container uagb-block-8db986ac alignfull uagb-is-root-container\"><div class=\"uagb-container-inner-blocks-wrap\">\n<figure class=\"wp-block-table is-style-regular\"><table style=\"border-width:1px\"><tbody><tr><td>Montag<\/td><td>09:00 \u2013 14:00 Uhr<\/td><\/tr><tr><td>Dienstag<\/td><td>09:00 \u2013 16:00 Uhr<\/td><\/tr><tr><td>Mittwoch<\/td><td>09:00 \u2013 18:00 Uhr<\/td><\/tr><tr><td>Donnerstag<\/td><td>09:00 \u2013 18:00 Uhr<\/td><\/tr><tr><td>Freitag<\/td><td>Beratung nach telefonischer Vereinbarung.<\/td><\/tr><\/tbody><\/table><\/figure>\n\n\n\n<p><\/p>\n\n\n\n<div class=\"wp-block-uagb-info-box uagb-block-c45ac886 uagb-infobox__content-wrap  uagb-infobox-icon-above-title uagb-infobox-image-valign-top\"><div class=\"uagb-ifb-content\"><div class=\"uagb-ifb-title-wrap\"><h4 class=\"uagb-ifb-title\"><strong>Adresse<\/strong><\/h4><\/div><p class=\"uagb-ifb-desc\"><strong>Unabh\u00e4ngiger Frauenverband Landkreis Harz e.V.<\/strong><br>Gr\u00f6perstra\u00dfe 56<br>38820 Halberstadt<\/p><\/div><\/div>\n\n\n\n<div class=\"wp-block-uagb-info-box uagb-block-f65afbdc uagb-infobox__content-wrap  uagb-infobox-icon-above-title uagb-infobox-image-valign-top\"><div class=\"uagb-ifb-content\"><div class=\"uagb-ifb-title-wrap\"><h4 class=\"uagb-ifb-title\"><strong><strong>E-Mail<\/strong><\/strong><\/h4><\/div><p class=\"uagb-ifb-desc\">lilith@ufv-halberstadt.de<\/p><\/div><\/div>\n\n\n\n<div class=\"wp-block-uagb-info-box uagb-block-96704d9b uagb-infobox__content-wrap  uagb-infobox-icon-above-title uagb-infobox-image-valign-top\"><div class=\"uagb-ifb-content\"><div class=\"uagb-ifb-title-wrap\"><h4 class=\"uagb-ifb-title\"><strong><strong>Telefon<\/strong><\/strong><\/h4><\/div><p class=\"uagb-ifb-desc\">03941 601192<\/p><\/div><\/div>\n<\/div><\/div>\n\n\n\n<div class=\"wp-block-uagb-container uagb-block-56d766c5 alignfull uagb-is-root-container\"><div class=\"uagb-container-inner-blocks-wrap\"><style id=\"wpforms-css-vars-252-block-b696ed28-15dc-424e-a66d-7fc0825e9430\">\n\t\t\t\t#wpforms-252.wpforms-block-b696ed28-15dc-424e-a66d-7fc0825e9430 {\n\t\t\t\t--wpforms-button-border-radius: 30px;\n--wpforms-button-background-color: var(--ast-global-color-0);\n--wpforms-button-size-font-size: 20px;\n--wpforms-button-size-height: 48px;\n--wpforms-button-size-padding-h: 20px;\n--wpforms-button-size-margin-top: 15px;\n\t\t\t}\n\t\t\t<\/style><div class=\"wpforms-container wpforms-container-full wpforms-block wpforms-block-b696ed28-15dc-424e-a66d-7fc0825e9430 wpforms-render-modern\" id=\"wpforms-252\"><form id=\"wpforms-form-252\" class=\"wpforms-validate wpforms-form\" data-formid=\"252\" method=\"post\" enctype=\"multipart\/form-data\" action=\"\/2023\/wp-json\/wp\/v2\/pages\/801\" data-token=\"1f4e4ef7ada5402a82e42ac53b460e18\" data-token-time=\"1777378887\"><noscript class=\"wpforms-error-noscript\">Bitte aktiviere JavaScript in deinem Browser, um dieses Formular fertigzustellen.<\/noscript><div id=\"wpforms-error-noscript\" style=\"display: none;\">Bitte aktiviere JavaScript in deinem Browser, um dieses Formular fertigzustellen.<\/div><div class=\"wpforms-field-container\"><div id=\"wpforms-252-field_0-container\" class=\"wpforms-field wpforms-field-name\" data-field-id=\"0\"><label class=\"wpforms-field-label wpforms-label-hide\" for=\"wpforms-252-field_0\" aria-hidden=\"false\">Dein Name <span class=\"wpforms-required-label\" aria-hidden=\"true\">*<\/span><\/label><input type=\"text\" id=\"wpforms-252-field_0\" class=\"wpforms-field-large wpforms-field-required\" name=\"wpforms[fields][0]\" placeholder=\"Dein Name\" aria-errormessage=\"wpforms-252-field_0-error\" required><\/div><div id=\"wpforms-252-field_1-container\" class=\"wpforms-field wpforms-field-email\" data-field-id=\"1\"><label class=\"wpforms-field-label wpforms-label-hide\" for=\"wpforms-252-field_1\" aria-hidden=\"false\">Deine E-Mail <span class=\"wpforms-required-label\" aria-hidden=\"true\">*<\/span><\/label><input type=\"email\" id=\"wpforms-252-field_1\" class=\"wpforms-field-large wpforms-field-required\" name=\"wpforms[fields][1]\" placeholder=\"Deine E-Mail\" spellcheck=\"false\" aria-errormessage=\"wpforms-252-field_1-error\" required><\/div><div id=\"wpforms-252-field_3-container\" class=\"wpforms-field wpforms-field-text\" data-field-id=\"3\"><label class=\"wpforms-field-label wpforms-label-hide\" for=\"wpforms-252-field_3\" aria-hidden=\"false\">Betreff <span class=\"wpforms-required-label\" aria-hidden=\"true\">*<\/span><\/label><input type=\"text\" id=\"wpforms-252-field_3\" class=\"wpforms-field-large wpforms-field-required\" name=\"wpforms[fields][3]\" placeholder=\"Betreff\" aria-errormessage=\"wpforms-252-field_3-error\" required><\/div><div id=\"wpforms-252-field_2-container\" class=\"wpforms-field wpforms-field-textarea\" data-field-id=\"2\"><label class=\"wpforms-field-label wpforms-label-hide\" for=\"wpforms-252-field_2\" aria-hidden=\"false\">Deine Nachricht <span class=\"wpforms-required-label\" aria-hidden=\"true\">*<\/span><\/label><textarea id=\"wpforms-252-field_2\" class=\"wpforms-field-medium wpforms-field-required\" name=\"wpforms[fields][2]\" placeholder=\"Deine Nachricht an uns\" aria-errormessage=\"wpforms-252-field_2-error\" required><\/textarea><\/div><\/div><!-- .wpforms-field-container --><div class=\"wpforms-field wpforms-field-hp\"><label for=\"wpforms-252-field-hp\" class=\"wpforms-field-label\">Message<\/label><input type=\"text\" name=\"wpforms[hp]\" id=\"wpforms-252-field-hp\" class=\"wpforms-field-medium\"><\/div><div class=\"wpforms-submit-container\" ><input type=\"hidden\" name=\"wpforms[id]\" value=\"252\"><input type=\"hidden\" name=\"page_title\" value=\"\"><input type=\"hidden\" name=\"page_url\" value=\"https:\/\/ufv-halberstadt.de\/2023\/wp-json\/wp\/v2\/pages\/801\"><input type=\"hidden\" name=\"url_referer\" value=\"\"><button type=\"submit\" name=\"wpforms[submit]\" id=\"wpforms-submit-252\" class=\"wpforms-submit\" data-alt-text=\"Wird gesendet...\" data-submit-text=\"Nachricht senden\" aria-live=\"assertive\" value=\"wpforms-submit\">Nachricht senden<\/button><\/div><\/form><\/div>  <!-- .wpforms-container --><\/div><\/div>\n<\/div><\/div>\n","protected":false},"excerpt":{"rendered":"<p>Frauenzentrum Alle Frauen und M\u00e4dchen sollen unabh\u00e4ngig undgewaltfrei leben k\u00f6nnen.Daf\u00fcr k\u00e4mpfen wir.Treff\u2219punkt und Schutz\u2219raumDas Frauen\u2219zentrum LilithIm Frauen\u2219zentrum treffen sich M\u00e4dchen und Frauen.Wir sprechen \u00fcber Frauen\u2219politik, Kultur und Gesundheit.Das Frauen\u2219zentrum ist [&hellip;]<\/p>\n","protected":false},"author":1,"featured_media":0,"parent":0,"menu_order":0,"comment_status":"closed","ping_status":"closed","template":"","meta":{"_uag_custom_page_level_css":".ast-plain-container.ast-no-sidebar .entry-content .alignfull .alignfull {\n\tmargin-left: 0;\n}\nh1, h2, h3, h4 {\n\tfont-weight: 700;\n}\n","site-sidebar-layout":"default","site-content-layout":"","ast-site-content-layout":"default","site-content-style":"default","site-sidebar-style":"default","ast-global-header-display":"","ast-banner-title-visibility":"","ast-main-header-display":"","ast-hfb-above-header-display":"","ast-hfb-below-header-display":"","ast-hfb-mobile-header-display":"","site-post-title":"disabled","ast-breadcrumbs-content":"","ast-featured-img":"","footer-sml-layout":"","ast-disable-related-posts":"","theme-transparent-header-meta":"","adv-header-id-meta":"","stick-header-meta":"","header-above-stick-meta":"","header-main-stick-meta":"","header-below-stick-meta":"","astra-migrate-meta-layouts":"","ast-page-background-enabled":"default","ast-page-background-meta":{"desktop":{"background-color":"var(--ast-global-color-4)","background-image":"","background-repeat":"repeat","background-position":"center center","background-size":"auto","background-attachment":"scroll","background-type":"","background-media":"","overlay-type":"","overlay-color":"","overlay-opacity":"","overlay-gradient":""},"tablet":{"background-color":"","background-image":"","background-repeat":"repeat","background-position":"center center","background-size":"auto","background-attachment":"scroll","background-type":"","background-media":"","overlay-type":"","overlay-color":"","overlay-opacity":"","overlay-gradient":""},"mobile":{"background-color":"","background-image":"","background-repeat":"repeat","background-position":"center center","background-size":"auto","background-attachment":"scroll","background-type":"","background-media":"","overlay-type":"","overlay-color":"","overlay-opacity":"","overlay-gradient":""}},"ast-content-background-meta":{"desktop":{"background-color":"var(--ast-global-color-5)","background-image":"","background-repeat":"repeat","background-position":"center center","background-size":"auto","background-attachment":"scroll","background-type":"","background-media":"","overlay-type":"","overlay-color":"","overlay-opacity":"","overlay-gradient":""},"tablet":{"background-color":"var(--ast-global-color-5)","background-image":"","background-repeat":"repeat","background-position":"center center","background-size":"auto","background-attachment":"scroll","background-type":"","background-media":"","overlay-type":"","overlay-color":"","overlay-opacity":"","overlay-gradient":""},"mobile":{"background-color":"var(--ast-global-color-5)","background-image":"","background-repeat":"repeat","background-position":"center center","background-size":"auto","background-attachment":"scroll","background-type":"","background-media":"","overlay-type":"","overlay-color":"","overlay-opacity":"","overlay-gradient":""}},"_themeisle_gutenberg_block_has_review":false,"footnotes":""},"class_list":["post-801","page","type-page","status-publish","hentry"],"uagb_featured_image_src":{"full":false,"thumbnail":false,"medium":false,"medium_large":false,"large":false,"1536x1536":false,"2048x2048":false},"uagb_author_info":{"display_name":"mcicom23","author_link":"https:\/\/ufv-halberstadt.de\/2023\/author\/mcicom23\/"},"uagb_comment_info":0,"uagb_excerpt":"Frauenzentrum Alle Frauen und M\u00e4dchen sollen unabh\u00e4ngig undgewaltfrei leben k\u00f6nnen.Daf\u00fcr k\u00e4mpfen wir.Treff\u2219punkt und Schutz\u2219raumDas Frauen\u2219zentrum LilithIm Frauen\u2219zentrum treffen sich M\u00e4dchen und Frauen.Wir sprechen \u00fcber Frauen\u2219politik, Kultur und Gesundheit.Das Frauen\u2219zentrum ist [&hellip;]","_links":{"self":[{"href":"https:\/\/ufv-halberstadt.de\/2023\/wp-json\/wp\/v2\/pages\/801","targetHints":{"allow":["GET"]}}],"collection":[{"href":"https:\/\/ufv-halberstadt.de\/2023\/wp-json\/wp\/v2\/pages"}],"about":[{"href":"https:\/\/ufv-halberstadt.de\/2023\/wp-json\/wp\/v2\/types\/page"}],"author":[{"embeddable":true,"href":"https:\/\/ufv-halberstadt.de\/2023\/wp-json\/wp\/v2\/users\/1"}],"replies":[{"embeddable":true,"href":"https:\/\/ufv-halberstadt.de\/2023\/wp-json\/wp\/v2\/comments?post=801"}],"version-history":[{"count":10,"href":"https:\/\/ufv-halberstadt.de\/2023\/wp-json\/wp\/v2\/pages\/801\/revisions"}],"predecessor-version":[{"id":1688,"href":"https:\/\/ufv-halberstadt.de\/2023\/wp-json\/wp\/v2\/pages\/801\/revisions\/1688"}],"wp:attachment":[{"href":"https:\/\/ufv-halberstadt.de\/2023\/wp-json\/wp\/v2\/media?parent=801"}],"curies":[{"name":"wp","href":"https:\/\/api.w.org\/{rel}","templated":true}]}}